{"id":440,"date":"2020-08-27T16:41:29","date_gmt":"2020-08-27T16:41:29","guid":{"rendered":"https:\/\/paulinapospieszna.pl\/teaching\/"},"modified":"2020-08-27T16:41:29","modified_gmt":"2020-08-27T16:41:29","slug":"teaching","status":"publish","type":"page","link":"https:\/\/paulinapospieszna.pl\/en\/teaching\/","title":{"rendered":"Teaching"},"content":{"rendered":"<div class=\"\"><\/div>\n<div class=\"\"><strong>Courses taught in English:<\/strong><\/div>\n<ul>\n<li>Partycypacja obywatelska w praktyce<\/li>\n<li>Organizacja sektora publicznego<\/li>\n<li>Podstawy organizacji i zarz\u0105dzania<\/li>\n<li>Publikacje w Zagranicznych Czasopismach i Wydawnictwach (Szko\u0142a Doktorska Nauk Spo\u0142ecznych)<\/li>\n<\/ul>\n<p><strong>Courses taught in English:<\/strong><\/p>\n<div class=\"\">\n<ul>\n<li>Democracy Promotion<\/li>\n<li>Innovations in Democratic Governance<\/li>\n<li>Democracy and Democratization Processes<\/li>\n<li>Interest Groups<\/li>\n<li>International Organizations and INGOs<\/li>\n<li>The Role of Domestic and International Actors in Peace-building after Civil Conflicts<\/li>\n<li>Introduction to International Relations<\/li>\n<li>International Political Economy<\/li>\n<li>Comparative Politics<\/li>\n<\/ul>\n<\/div>\n","protected":false},"excerpt":{"rendered":"<p>Courses taught in English: Partycypacja obywatelska w praktyce Organizacja sektora publicznego Podstawy organizacji i zarz\u0105dzania Publikacje w Zagranicznych Czasopismach i Wydawnictwach (Szko\u0142a Doktorska Nauk Spo\u0142ecznych) Courses taught in English: Democracy Promotion Innovations in Democratic Governance Democracy and Democratization Processes Interest Groups International Organizations and INGOs The Role of Domestic and International Actors in Peace-building after &#8230; <a title=\"Teaching\" class=\"read-more\" href=\"https:\/\/paulinapospieszna.pl\/en\/teaching\/\" aria-label=\"Read more about Teaching\">Read more<\/a><\/p>\n","protected":false},"author":1,"featured_media":0,"parent":0,"menu_order":0,"comment_status":"closed","ping_status":"closed","template":"","meta":{"footnotes":""},"class_list":["post-440","page","type-page","status-publish"],"_links":{"self":[{"href":"https:\/\/paulinapospieszna.pl\/en\/wp-json\/wp\/v2\/pages\/440","targetHints":{"allow":["GET"]}}],"collection":[{"href":"https:\/\/paulinapospieszna.pl\/en\/wp-json\/wp\/v2\/pages"}],"about":[{"href":"https:\/\/paulinapospieszna.pl\/en\/wp-json\/wp\/v2\/types\/page"}],"author":[{"embeddable":true,"href":"https:\/\/paulinapospieszna.pl\/en\/wp-json\/wp\/v2\/users\/1"}],"replies":[{"embeddable":true,"href":"https:\/\/paulinapospieszna.pl\/en\/wp-json\/wp\/v2\/comments?post=440"}],"version-history":[{"count":0,"href":"https:\/\/paulinapospieszna.pl\/en\/wp-json\/wp\/v2\/pages\/440\/revisions"}],"wp:attachment":[{"href":"https:\/\/paulinapospieszna.pl\/en\/wp-json\/wp\/v2\/media?parent=440"}],"curies":[{"name":"wp","href":"https:\/\/api.w.org\/{rel}","templated":true}]}}