{"id":443,"date":"2020-08-27T16:17:53","date_gmt":"2020-08-27T16:17:53","guid":{"rendered":"https:\/\/paulinapospieszna.pl\/publications\/"},"modified":"2026-03-10T11:06:06","modified_gmt":"2026-03-10T11:06:06","slug":"publications","status":"publish","type":"page","link":"https:\/\/paulinapospieszna.pl\/en\/publications\/","title":{"rendered":"Publications"},"content":{"rendered":"<p><strong>2026<\/strong><\/p>\n<h4><a href=\"https:\/\/www.tandfonline.com\/eprint\/YVZKURI4TYUMQGK6VV6J\/full?target=10.1080\/10758216.2025.2608699\">Trust in Women\u2019s Civil Society Organizations in Central and Eastern Europe: Results From a Survey Experiment<\/a><\/h4>\n<p>Pietrzyk-Reeves, Dorota, Pickering, Paula M., Pospieszna, Paulina, McMahon, Patrice, &amp; Sundstrom, Lisa M. 2026. Problems of Post-Communism, 1\u201313. <\/p>\n<h4><a href=\"https:\/\/www.cogitatiopress.com\/politicsandgovernance\/article\/view\/10596\">Institutionalizing Democratic Innovations in Poland: Mapping the Evolution of Citizens&#8217; Assemblies through Rules of Procedure<\/a><\/h4>\n<p>Pospieszna, Paulina, and Marta Hoffmann. 2025. <em>Politics and Governance<\/em> 14 <em>14<\/em>, Article 10596. <\/p>\n<h4><a href=\"https:\/\/global.oup.com\/academic\/product\/the-oxford-handbook-of-polish-politics-9780192873149?cc=pl&amp;lang=en\">Poland and democracy promotion<\/a><\/h4>\n<p>Pospieszna, Paulina &amp; Tsveta Petrova. 2025. In: <i>The Oxford Handbook of Polish Politics. <\/i>Katarzyna Grzybowska-Walecka, Simona Guerra and Fernando Casal B\u00e9rtoa (eds.) Oxford: Oxford University Press.<\/p>\n<p><strong>2025<\/strong><\/p>\n<h4><a href=\"https:\/\/pressto.amu.edu.pl\/index.php\/rie\/article\/view\/51365\/41668\">Expanding Deliberative Democracy Across Governance Levels: A Supralocal Case from Poland<\/a><\/h4>\n<p>Pospieszna, Paulina, Joanna Podg\u00f3rska-Ryka\u0142a, Marta Hoffmann, and Ewa Zieli\u0144ska. 2025. <i>Rocznik Integracji Europejskiej<\/i> 19: 7-27. <\/p>\n<h4><a href=\"https:\/\/czasopisma.marszalek.com.pl\/images\/pliki\/ppsy\/54-2\/ppsy2025219.pdf\">Searching for Determinants of Support for Mini-Publics: Insights from a Polish Survey<\/a><\/h4>\n<p>Pospieszna, Paulina. 2025. <em>Polish Political Science Yearbook<\/em> 54(2): 69\u201390<\/p>\n<h4><a href=\"https:\/\/journals.sagepub.com\/doi\/10.1177\/08883254251344204\">Youth Activism in Poland: Perceptions of Protest and Civic Engagement<\/a><\/h4>\n<p>Pospieszna, Paulina &amp; F\u00e9lix Krawatzek. 2025. <i>eastern European Politics &amp; Societies and Cultures<\/i>.  https:\/\/doi.org\/10.1177\/0888325425134420<\/p>\n<h4><a href=\"https:\/\/bluedemocracy.pl\/wp-content\/uploads\/2025\/01\/Simulated-Annealing_JoS.pdf\">Designing the Process of Random Selection of Citizens&#8217; Assemblies<\/a><\/h4>\n<p>Gerwin, Marcin, Piotr Szuca, Nikodem Mro\u017cek, Grzegorz Kuriata, Paulina Pospieszna, and Alexander M. Geisler. 2025. &#8220;Designing the Process of Random Selection of Citizens&#8217; Assemblies.&#8221; Journal of Sortition 1 (1): 48\u201359. <\/p>\n<h4><a href=\"https:\/\/www.tandfonline.com\/doi\/epdf\/10.1080\/03003930.2025.2481390?needAccess=true\">Diverse roles and perceptions of public officials and NGOs in local citizens\u2019 assemblies \u2013 A comparative analysis of the cases of Poland and Hungary<\/a><\/h4>\n<p>Pospieszna, Paulina, Magni Szymaniak-Arnesen, D\u00e1niel Oross &amp; Gabriella Kiss. 2025. <em>Local Government Studies<\/em> 1\u201322.  https:\/\/doi.org\/10.1080\/03003930.2025.2481390<\/p>\n<p><strong>2024<\/strong><\/p>\n<h4><a href=\"https:\/\/www.tandfonline.com\/doi\/full\/10.1080\/13510347.2024.2422508?src=\">Deliberative mini-publics as learning schools for democracy? Examining deliberation impact on dissatisfied and radical participants of a citizens\u2019 assembly in Poland <\/a><\/h4>\n<p>Paulis, Emilien &amp; Paulina Pospieszna. 2024. <em>Democratization<\/em> 1\u201324.  https:\/\/doi.org\/10.1080\/13510347.2024.2422508<\/p>\n<h4><a href=\"https:\/\/gov.legalis.pl\/innowacje-deliberatywne-inspiracje-dla-praktykow-i-teoretykow\/\">Innowacje Deliberatywne: Inspiracje dla praktyk\u00f3w i teoretyk\u00f3w<\/a><\/h4>\n<p>Joanna Podg\u00f3rska-Ryka\u0142a &amp; Paulina Pospieszna. 2024. Wydawnictwo C.H.Beck.<span class=\"Apple-converted-space\"> <\/span><\/p>\n<h4><a href=\"https:\/\/online.ucpress.edu\/cpcs\/article\/doi\/10.1525\/cpcs.2024.2122433\/203700\/Forging-Democracy-in-the-FlamesStrategies-of\">Forging Democracy in the Flames: Polish NGOs&#8217; Strategies during the Full-Scale War in Ukraine<\/a><\/h4>\n<p>Pospieszna, Paulina &amp; Patrice McMahon. 2024. <em>Communist and Post-communist Studies<\/em> 1\u201324.  https:\/\/doi.org\/10.1525\/cpcs.2024.2122433<\/p>\n<h4><a href=\"https:\/\/www.taylorfrancis.com\/chapters\/oa-edit\/10.4324\/9781003466116-3\/democratic-innovations-response-shrinking-public-space-paulina-pospieszna-dorota-pietrzyk-reeves\">Democratic innovations as a response to shrinking public space<\/a><\/h4>\n<p>Pospieszna, Paulina &amp; Dorota Pietrzyk-Reeves. 2024. In <i>Activism in Hard Times in Central and Eastern Europe<\/i>. McMahon, Patrice C., Paula M. Pickering, and Dorota Pietrzyk-Reeves (eds.) pp.  47-70. Routledge.<\/p>\n<p><strong>2023<\/strong><\/p>\n<h4><a href=\"https:\/\/www.tandfonline.com\/doi\/full\/10.1080\/21599165.2023.2289089\">Comparing public attitudes towards internal and external EU sanctions: the role of populism, trust and Euroscepticism<\/a><\/h4>\n<p>Pospieszna, Paulina, Micha\u0142 Onderco, Reinout van der Veer. <em>East European Politics <\/em>40(2): 345-366. <\/p>\n<h4><a href=\"https:\/\/www.cambridge.org\/core\/journals\/nationalities-papers\/article\/pillarized-networks-in-a-polarized-civil-society-a-structure-of-farright-networks-in-poland\/AE612C1408810612EF923D60E75FDBA4\">Pillarized Networks in a Polarized Civil Society: A Structure of Far-Right Networks in Poland<\/a><\/h4>\n<p>Pospieszna, Paulina, Daniel P\u0142atek, Grzegorz Piotrowski, and Aleksandra Monkos. <em>Nationalities Papers<\/em>, 1-16. doi:10.1017\/nps.2023.47  <\/p>\n<p><strong>2022<\/strong><\/p>\n<h4><a href=\"https:\/\/www.tandfonline.com\/doi\/full\/10.1080\/21599165.2022.2102608\">Building active youth in post-Soviet countries through civic education programmes: evidence from Poland<\/a><\/h4>\n<p>Pospieszna, Paulina, Patrick Lown and Simone Dietrich. <em> East European Politics<\/em>, 39:2, 321-344. <\/p>\n<h4><a href=\"https:\/\/www.cambridge.org\/core\/journals\/ps-political-science-and-politics\/article\/road-toward-greater-visibility-of-research-output-in-international-peerreview-journals-lessons-from-poland\/3D0EDF2E2F218A18C9B19635142B79B4\">A Road Towards Greater Visibility of Research Output in International Peer-Review Journals: Lessons from Poland<\/a><\/h4>\n<p>Skrzypczy\u0144ska, Joanna &amp; Paulina Pospieszna. <em> PS: Political Science &amp; Politics, <\/em>55(3), 587-589. <\/p>\n<h4><a href=\"https:\/\/journals.sagepub.com\/doi\/abs\/10.1177\/08883254221083996\">Cultural Liberal and Conservative Mobilizing Potential and Political Participation in Post-communist Countries<\/a><\/h4>\n<p>Pospieszna, Paulina &amp; Kate\u0159ina Vr\u00e1bl\u00edkov\u00e1. 2022. <i>East European Politics and Societies<\/i>, <i>36<\/i>(4), 1422\u20131448 <\/p>\n<h4><a href=\"https:\/\/www.tandfonline.com\/doi\/abs\/10.1080\/09557571.2022.2027869?journalCode=ccam20\">Responses of Polish NGOs Engaged in Democracy Promotion to Shrinking Civic Space<\/a><\/h4>\n<p>Pospieszna, Paulina &amp; Dorota Pietrzyk-Reeves. 2022. <em>Cambridge Review of International Affairs<\/em>, 35:4, 523-544. <\/p>\n<p><strong>2021<\/strong><\/p>\n<h4><a href=\"https:\/\/www.tandfonline.com\/doi\/full\/10.1080\/1060586X.2021.1975443?src=\">Democracy promotion in times of autocratization. The case of Poland, 1989\u20132019 <\/a><\/h4>\n<p>Petrova,Tsveta &amp; Paulina Pospieszna. 2021. <em>Post-Soviet Affairs <\/em>37 (6): 526-543. <\/p>\n<h4><a href=\"https:\/\/link.springer.com\/content\/pdf\/10.1057\/s41309-021-00119-y.pdf\">Polish Interest Groups Facing Democratic Backsliding<\/a><\/h4>\n<p>Pospieszna, Paulina, and Agnieszka Vetulani\u2010Ce\u0328giel. 2021. <em>Interest Groups &amp; Advocacy<\/em> 10 :158\u2013180. <\/p>\n<p><strong>2020<\/strong><\/p>\n<h4><a href=\"https:\/\/www.tandfonline.com\/doi\/full\/10.1080\/07036337.2020.1803854\">Consensus against All Odds: Explaining the Persistence of EU Sanctions on Russia<\/a><\/h4>\n<p>Portela, Clara, Paulina Pospieszna, Joanna Skrzypczy\u0144ska and Dawid Walentek. 2020. <em>Journal of European Integration<\/em> 43 (6): 683-699. <\/p>\n<h4><a href=\"https:\/\/www.tandfonline.com\/doi\/abs\/10.1080\/03050629.2020.1791108?journalCode=gini20\">Amplifying and Nullifying the Impact of Democratic Sanctions through Aid to Civil Society<\/a><\/h4>\n<p>Pospieszna<em>, <\/em>Paulina, and Patrick Weber. 2020. <em>International Interactions <\/em><span class=\"volume_issue\">46 (5): <\/span><span class=\"page_range\">724-748. <\/span>  <\/p>\n<h4><a href=\"https:\/\/www.iz.poznan.pl\/publikacje\/przeglad-zachodni\/wydania\/europejskie-naczynia-polaczone\">Understanding EU Sanctioning Behavior<\/a><\/h4>\n<p>Pospieszna, Paulina, and Clara Portela. 2020.<em> Przegl\u0105d Zachodni <\/em>1\/2020. <\/p>\n<h4><a href=\"https:\/\/www.cambridge.org\/core\/journals\/ps-political-science-and-politics\/article\/hitting-two-birds-with-one-stone-how-russian-countersanctions-intertwined-political-and-economic-goals\/BA266EB8A9A755C0C941B48CBDA3B4F5\">Hitting Two Birds with One Stone: How Russian Countersanctions Intertwined Political and Economic Goals<\/a><\/h4>\n<p>Pospieszna<em>, <\/em>Paulina, Joanna Skrzypczy\u0144ska, and Beata St\u0119pie\u0144, B. 2020. <em>PS: Political Science &amp; Politics <\/em>53(2): 243-247. <\/p>\n<h4><a href=\"https:\/\/link.springer.com\/article\/10.1057\/s41268-018-0134-4\">Promoting Active Youth: Evidence from Polish NGO&#8217;s Civic Education Program in Eastern Europe<\/a><\/h4>\n<p>Pospieszna<em>, <\/em>Paulina, Aleksandra Galus. 2020. <em>Journal of International Relations &amp; Development<\/em> 23: 210-236. <\/p>\n<p><strong>2019<\/strong><\/p>\n<h4><a href=\"https:\/\/www.routledge.com\/Democracy-Assistance-Bypassing-Governments-in-Recipient-Countries-Supporting\/Pospieszna\/p\/book\/9781138895065\">Democracy Assistance Bypassing Governments in Recipient Countries: Supporting the \u201cNext Generation&#8221;<\/a><\/h4>\n<p>Pospieszna<em>, <\/em>Paulina. 2019. Routledge: Democratization Studies.<\/p>\n<p><strong>2018<\/strong><\/p>\n<h4><a href=\"https:\/\/bazhum.muzhp.pl\/media\/files\/Rocznik_Integracji_Europejskiej\/Rocznik_Integracji_Europejskiej-r2018-t-n12\/Rocznik_Integracji_Europejskiej-r2018-t-n12-s311-321\/Rocznik_Integracji_Europejskiej-r2018-t-n12-s311-321.pdf\">Sankcje Unii Europejskiej wobec Rosji : proces decyzyjny, trwa\u0142o\u015b\u0107 i rola pa\u0144stw cz\u0142onkowskich<br \/>\n<\/a><\/h4>\n<p>Pospieszna <em>, <\/em>Paulina. <span lang=\"PL\">2018 <\/span><em>Yearbook of European Integration<\/em> 12 <span lang=\"PL\">:<\/span> 311-321. <\/p>\n<h4><a href=\"https:\/\/www.tandfonline.com\/doi\/abs\/10.1080\/09668136.2019.1623176\">Liberation Technology&#8217; or &#8216;Net Delusion&#8217;? Civic Activists&#8217; Perceptions of Social Media as Opening Democratic Space Tool in Belarus and Ukraine <\/a><\/h4>\n<p>Pospieszna<em>, <\/em>Paulina, Aleksandra Galus. 2019. <em>Europe-Asia Studies<\/em> 71 (10): 1664-1684<strong>.<\/strong> <\/p>\n<h4><a href=\"https:\/\/shop.budrich-academic.de\/product\/security-beyond-the-state\/?lang=en\">Making Neighbourhood more Resilient through EU Democracy Promotion Efforts<\/a><\/h4>\n<p>Pospieszna<em>, <\/em>Paulina. 2018. In: <em>Security Beyond the State: The EU and the others<\/em>, Daniela Irrera and Claudia Morsut (red.) Barbara Budrich Publishers, s. 136-154, ISBN: 9783847420989. <\/p>\n<h4><a href=\"http:\/\/wydawnictwo.wnpid.amu.edu.pl\/produkt\/aktywnosc-polityczna-i-jej-przejawy-we-wspolczesnych-panstwach\/\">Wspieranie demokracji przez polskie organizacje pozarz\u0105dowe na Ukrainie: Aktywizacja spo\u0142eczno\u015bci lokalnej<\/a> [<em>Polish NGOs\u2019 support for democracy in Ukraine: Activation of the local community<\/em>]<\/h4>\n<p>Pospieszna<em>, <\/em>Paulina. 2018. In: <em>Aktywno\u015b\u0107 polityczna i jej przejawy we wsp\u00f3\u0142czesnych pa\u0144stwach<\/em>, Jakub Jakubowski, Beata Paj\u0105k-Patkowska (red.), Pozna\u0144, Wyd. Wydzia\u0142 Nauk Politycznych i Dziennikarstwa Uniwersytetu im. Adama Mickiewicza, ISBN 978-83-65817-29-7.  <\/p>\n<p><strong>2017<\/strong><\/p>\n<h4><a href=\"http:\/\/ssp.amu.edu.pl\/wp-content\/uploads\/2017\/10\/ssp-2017-2-09.pdf\">Supporting new media in Ukraine through Polish Development Cooperation Program<\/a><\/h4>\n<p>Galus, Aleksandra, and Paulina Pospieszna. 2017. <em>\u015arodkowoeuropejskie Studia Polityczne<\/em> 2, pp.  169-199. DOI 10.14746\/ssp.2017.2.9.<\/p>\n<h4><a href=\"https:\/\/www.v-dem.net\/media\/filer_public\/d1\/c6\/d1c6216d-2205-475a-95a5-b97399dccb66\/users_working_paper_10.pdf\">Carrots or Sticks: The Choice and Impact of EU Democratic Sanctions and Aid<\/a><\/h4>\n<p>Pospieszna<em>, <\/em>Paulina, and Patrick Weber. 2017. University of Gothenburg, <em>V-Dem Institute, V-Dem Users Working Paper Series<\/em> 2017:10.<\/p>\n<h4><a href=\"https:\/\/www.routledge.com\/Planning-for-Community-based-Disaster-Resilience-Worldwide-Learning-from\/Awotona\/p\/book\/9781138601581\">Can laws and policies foster disaster risk reduction? The case study of Brazil with particular focus on housing laws, policies and programmes <\/a><\/h4>\n<p>Da Costa, Karen, Paulina Pospieszna. 2017. In: <em>Planning for Community-based Disaster Resilience Worldwide: Learning from Case Studies in Six Continents, <\/em>Adenrele Awotona (red.) Ashgate Publishing Limited.<\/p>\n<h4><a href=\"http:\/\/cejsh.icm.edu.pl\/cejsh\/element\/bwmeta1.element.ojs-doi-10_14746_ps_2017_1_7\/c\/10470-10009.pdf\">Dispute or Mediator? The Selection and Effectiveness of Conflict Management in Civil Wars <\/a><\/h4>\n<p>Pospieszna<em>, <\/em>Paulina. Gerald Schneider. 2017. <em>Przegl\u0105d Strategiczny<\/em> 10 DOI: 10.14746\/ps.2017.1.7  <\/p>\n<h4><a href=\"https:\/\/journals.sagepub.com\/doi\/10.1177\/0095327X16647538\">Civil War Mediation and Rebel Use of Violence Against Civilians<\/a><\/h4>\n<p>Pospieszna<em>, <\/em>Paulina. Karl DeRouen. 2017 <em>Armed Forces and Society <\/em>43 (3), pp. 500 &#8211; 522 DOI: 10.1177\/0095327X16647538.  <\/p>\n<p><strong>2016<\/strong><\/p>\n<h4><a href=\"http:\/\/ssp.amu.edu.pl\/wp-content\/uploads\/2017\/03\/ssp-2016-3-11.pdf\">Pomoc demokratyzacyjna polskich organizacji pozarz\u0105dowych skierowana do Bia\u0142orusi i Ukrainy: przes\u0142anki oraz r\u00f3\u017cne formy wsparcia<\/a> [<em>Democracy assistance of Polish NGOs in Belarus and Ukraine: premises and various forms of support<\/em>]<\/h4>\n<p>Pospieszna<em>, <\/em>Paulina. 2016. \u201e<em>\u015arodkowoeuropejskie Studia Polityczne<\/em> 3, s. 235-266. DOI 10.14746\/ssp.2016.3.11<\/p>\n<h4><a href=\"https:\/\/marszalek.com.pl\/sklep\/pl\/ekonomia\/3461-tozsamosc-i-efektywnosc-w-poszukiwaniu-mechanizmow-zrownowazonego-rozwoju.html\">Wsp\u00f3\u0142praca rozwojowa w zakresie promowania dobrego rz\u0105dzenia i rozwoju demokracji przez kraje Grupy Wyszehradzkiej<\/a> [<em>Development cooperation in the field of promoting good governance and democracy by the Visegrad Group countries<\/em>]<\/h4>\n<p>Pospieszna<em>, <\/em>Paulina. 2016. In: <em>To\u017csamo\u015b\u0107 i Efektywno\u015b\u0107:<\/em> <em>w poszukiwaniu mechanizm\u00f3w zr\u00f3wnowa\u017conego rozwoju<\/em>, Katarzyna Jarecka-St\u0119pie\u0144 i Aleksander Surdej (red.). Adam Marsza\u0142ek, Toru\u0144, s.89-110. <\/p>\n<h4><a href=\"http:\/\/cejsh.icm.edu.pl\/cejsh\/element\/bwmeta1.element.ojs-doi-10_14746_pp_2016_21_4_12\">Challenges in evaluating impact of sanctions \u2013 political vs economic perspective<\/a><\/h4>\n<p>St\u0119pie\u0144, Beata, Paulina Pospieszna, Joanna Skrzypczy\u0144ska. 2016. <em>Przegl\u0105d Politologiczny <\/em>nr 4, s. 155-168, DOI : 10.14746\/pp.2016.21.4.12.  <\/p>\n<p><strong>2015<\/strong><\/p>\n<h4><a href=\"https:\/\/www.tandfonline.com\/doi\/abs\/10.1080\/13510347.2014.942642\">Democracy Assistance and Women\u2019s Political Empowerment<\/a><\/h4>\n<p>Pospieszna<em>, <\/em>Paulina. 2015. <em>Democratization <\/em>22 (7) pp.  1250-1272<\/p>\n<h4><a href=\"https:\/\/www.thelancet.com\/pdfs\/journals\/lancet\/PIIS0140-6736(15)60710-3.pdf\">20 years of the ICRC Code of Conduct for Disaster Relief: what do we need to improve?<\/a><\/h4>\n<p>Borovecki, Anna, J. Einarsd\u00f3ttir, D. O&#8217;Math\u00fana, P. Pospieszna, O.M. Stern, N.O. Teles, 2015. <em>The Lancet<\/em> 385 (9976), s.1391 DOI: http:\/\/dx.doi.org\/10.1016\/S0140-6736(15) 60710-3.  <\/p>\n<h4><a href=\"http:\/\/www.nadaciapontis.sk\/data\/files\/D%26D_2015_ZBORNIK.pdf\">Teaching Democracy and Active Citizenship through Citizenship Education: How do we know it works?<\/a><\/h4>\n<p>Pospieszna<em>, <\/em>Paulina. 2015. In: <em>International Conference Booklet Development and Democracy: Thinking Ahead of Sustainable Development<\/em>. Bratislava: Pontis Foundation, ISBN 978-80-971310-4-3. <\/p>\n<h4><a href=\"https:\/\/brill.com\/view\/journals\/ihls\/6\/1\/article-p64_4.xml?language=en\">The Relationship between Human Rights and Disaster Risk Reduction Revisited: Bringing the Legal Perspective into the Discussion<\/a><\/h4>\n<p>Da Costa, Karen, Paulina Pospieszna. 2015. <em>Journal of International Humanitarian Legal Studies<\/em> 6 (1): 64-86, DOI: 10.1163\/18781527-00601005. <\/p>\n<p><strong>2014<\/strong><\/p>\n<h4><a href=\"https:\/\/upittpress.org\/books\/9780822962717\/\">Democracy Assistance from the Third Wave: Polish Engagement in Belarus and Ukraine<\/a><\/h4>\n<p>Pospieszna<em>, <\/em>Paulina. 2014. The University of Pittsburgh Press, Pitt Series in Russian and East European Studies.<\/p>\n<h4><a href=\"https:\/\/www.nadaciapontis.sk\/data\/files\/D&amp;D_zbornik_BOOK_WEB.pdf\">Democracy Assistance Efforts of Young Donors from the Visegrad Group: In Search for Better Impact Evaluation Methods<\/a><\/h4>\n<p>Pospieszna<em>, <\/em>Paulina. 2014. In: <em>International Conference Booklet Development and Democracy Ecosystems in V4: the Role for Civil Society Organizations and Business Beyond 2015<\/em>, s. 121-128. Bratislava: Pontis Foundation, ISBN 978-80-971310-3-6.<\/p>\n<p><strong>2013<\/strong><\/p>\n<h4><a href=\"https:\/\/www.tandfonline.com\/doi\/abs\/10.1080\/13698249.2013.850877\">The Illusion of \u2018Peace through Power Sharing\u2019: Constitutional Choice in the Shadow of Civil War<\/a><\/h4>\n<p>Pospieszna<em>, <\/em>Paulina. Gerald Schneider. 2013. <em>Civil Wars<\/em> 15 (1) pp. 44-70.<\/p>\n<h4><a href=\"https:\/\/onlinelibrary.wiley.com\/doi\/abs\/10.1002\/pad.1614\">Flying Blind? Evidence for good governance public management reform agendas, implementation and outcomes in low income countries<\/a><\/h4>\n<p>DeRouen, Karl, Shaun Goldfinch, Paulina Pospieszna. 2013. <em>Public Administration and Development <\/em>33 (1), pp. 50\u201361<\/p>\n<p><strong>2011<\/strong><\/p>\n<h4><a href=\"https:\/\/journals.sagepub.com\/doi\/10.1177\/0022343311406157\">Introducing the Civil Wars Mediation (CWM) Dataset<\/a><\/h4>\n<p>DeRouen, Karl, Jacob Bercovitch, Paulina Pospieszna. 2011. <em>Journal of Peace Research <\/em>48 (5): 663-672.<\/p>\n<p><strong>2010<\/strong><\/p>\n<h4><a href=\"https:\/\/www.tandfonline.com\/doi\/abs\/10.2753\/PPC1075-8216570401\">When Recipients Become Donors: Polish Democracy Assistance in Belarus and Ukraine<\/a><\/h4>\n<p>Pospieszna<em>, <\/em>Paulina. 2010. <em>Problems of Post-Communism<\/em> vol. 57 (4) pp. 3-15.<\/p>\n<h4><a href=\"http:\/\/www.wuwr.com.pl\/products\/297.html\">New EU Member States Taking the Lead in Democracy Aid: The Polish Case<\/a><\/h4>\n<p>Pospieszna<em>, <\/em>Paulina. 2010. In: <em>The European Union&#8217;s Neighborhood Challenge. Transborder cooperation, migration and Europeanization<\/em>, Klaus Bachmann, El\u017cbieta Stadtmuller (red.), Wroclaw: Wroclaw University Press.<\/p>\n","protected":false},"excerpt":{"rendered":"<p>2026 Trust in Women\u2019s Civil Society Organizations in Central and Eastern Europe: Results From a Survey Experiment Pietrzyk-Reeves, Dorota, Pickering, Paula M., Pospieszna, Paulina, McMahon, Patrice, &amp; Sundstrom, Lisa M. 2026. Problems of Post-Communism, 1\u201313. Institutionalizing Democratic Innovations in Poland: Mapping the Evolution of Citizens&#8217; Assemblies through Rules of Procedure Pospieszna, Paulina, and Marta Hoffmann. &#8230; <a title=\"Publications\" class=\"read-more\" href=\"https:\/\/paulinapospieszna.pl\/en\/publications\/\" aria-label=\"Read more about Publications\">Read more<\/a><\/p>\n","protected":false},"author":1,"featured_media":0,"parent":0,"menu_order":0,"comment_status":"closed","ping_status":"closed","template":"","meta":{"footnotes":""},"class_list":["post-443","page","type-page","status-publish"],"_links":{"self":[{"href":"https:\/\/paulinapospieszna.pl\/en\/wp-json\/wp\/v2\/pages\/443","targetHints":{"allow":["GET"]}}],"collection":[{"href":"https:\/\/paulinapospieszna.pl\/en\/wp-json\/wp\/v2\/pages"}],"about":[{"href":"https:\/\/paulinapospieszna.pl\/en\/wp-json\/wp\/v2\/types\/page"}],"author":[{"embeddable":true,"href":"https:\/\/paulinapospieszna.pl\/en\/wp-json\/wp\/v2\/users\/1"}],"replies":[{"embeddable":true,"href":"https:\/\/paulinapospieszna.pl\/en\/wp-json\/wp\/v2\/comments?post=443"}],"version-history":[{"count":10,"href":"https:\/\/paulinapospieszna.pl\/en\/wp-json\/wp\/v2\/pages\/443\/revisions"}],"predecessor-version":[{"id":550,"href":"https:\/\/paulinapospieszna.pl\/en\/wp-json\/wp\/v2\/pages\/443\/revisions\/550"}],"wp:attachment":[{"href":"https:\/\/paulinapospieszna.pl\/en\/wp-json\/wp\/v2\/media?parent=443"}],"curies":[{"name":"wp","href":"https:\/\/api.w.org\/{rel}","templated":true}]}}