{"id":444,"date":"2020-08-27T16:25:43","date_gmt":"2020-08-27T16:25:43","guid":{"rendered":"https:\/\/paulinapospieszna.pl\/contact\/"},"modified":"2020-08-27T16:25:43","modified_gmt":"2020-08-27T16:25:43","slug":"contact","status":"publish","type":"page","link":"https:\/\/paulinapospieszna.pl\/en\/contact\/","title":{"rendered":"Contact"},"content":{"rendered":"<div class=\"\"><b class=\"\">PhD Prof. Paulina Pospieszna UAM <\/b><br class=\"\"><a href=\"https:\/\/wnpid.amu.edu.pl\/\">Faculty of Political Science and Journalism <\/a><\/div>\n<div class=\"\"><a href=\"https:\/\/amu.edu.pl\/\">Adam Mickiewicz University in Pozna\u0144, Poland<\/a><br class=\"\">ul. Uniwersytetu Pozna\u0144skiego 5<\/div>\n<div class=\"\"><br class=\"\">61-614 Pozna\u0144<br class=\"\">E-mail: <a class=\"\" href=\"mailto:paulina.pospieszna@amu.edu.pl\">mailto:paulina.pospieszna@amu.edu.pl<br \/><\/a>Tel. + 48 61 829 6621<\/div>\n","protected":false},"excerpt":{"rendered":"<p>PhD Prof. Paulina Pospieszna UAM Faculty of Political Science and Journalism Adam Mickiewicz University in Pozna\u0144, Polandul. Uniwersytetu Pozna\u0144skiego 5 61-614 Pozna\u0144E-mail: mailto:paulina.pospieszna@amu.edu.plTel. + 48 61 829 6621<\/p>\n","protected":false},"author":1,"featured_media":0,"parent":0,"menu_order":0,"comment_status":"closed","ping_status":"closed","template":"","meta":{"footnotes":""},"class_list":["post-444","page","type-page","status-publish"],"_links":{"self":[{"href":"https:\/\/paulinapospieszna.pl\/en\/wp-json\/wp\/v2\/pages\/444","targetHints":{"allow":["GET"]}}],"collection":[{"href":"https:\/\/paulinapospieszna.pl\/en\/wp-json\/wp\/v2\/pages"}],"about":[{"href":"https:\/\/paulinapospieszna.pl\/en\/wp-json\/wp\/v2\/types\/page"}],"author":[{"embeddable":true,"href":"https:\/\/paulinapospieszna.pl\/en\/wp-json\/wp\/v2\/users\/1"}],"replies":[{"embeddable":true,"href":"https:\/\/paulinapospieszna.pl\/en\/wp-json\/wp\/v2\/comments?post=444"}],"version-history":[{"count":0,"href":"https:\/\/paulinapospieszna.pl\/en\/wp-json\/wp\/v2\/pages\/444\/revisions"}],"wp:attachment":[{"href":"https:\/\/paulinapospieszna.pl\/en\/wp-json\/wp\/v2\/media?parent=444"}],"curies":[{"name":"wp","href":"https:\/\/api.w.org\/{rel}","templated":true}]}}